{"id":9626,"date":"2025-06-19T15:36:15","date_gmt":"2025-06-19T13:36:15","guid":{"rendered":"https:\/\/vitrage-auto-solution.fr\/?page_id=9626"},"modified":"2026-04-08T16:08:50","modified_gmt":"2026-04-08T14:08:50","slug":"rgpd-donnees-personnelles","status":"publish","type":"page","link":"https:\/\/vitrage-auto-solution.fr\/fr\/rgpd-donnees-personnelles\/","title":{"rendered":"RGPD"},"content":{"rendered":"<div data-elementor-type=\"wp-page\" data-elementor-id=\"9626\" class=\"elementor elementor-9626\">\n\t\t\t\t<div class=\"elementor-element elementor-element-41a5ced6 e-flex e-con-boxed e-con e-parent\" data-id=\"41a5ced6\" data-element_type=\"container\" data-e-type=\"container\">\n\t\t\t\t\t<div class=\"e-con-inner\">\n\t\t\t\t<div class=\"elementor-element elementor-element-585b76b4 elementor-widget elementor-widget-text-editor\" data-id=\"585b76b4\" data-element_type=\"widget\" data-e-type=\"widget\" data-widget_type=\"text-editor.default\">\n\t\t\t\t\t\t\t\t\t<p><div class=\"fusion-fullwidth fullwidth-box fusion-builder-row-1 has-pattern-background has-mask-background nonhundred-percent-fullwidth non-hundred-percent-height-scrolling\" style=\"--link_color: #969696;--awb-border-sizes-top:0px;--awb-border-sizes-bottom:0px;--awb-border-sizes-left:0px;--awb-border-sizes-right:0px;--awb-border-radius-top-left:0px;--awb-border-radius-top-right:0px;--awb-border-radius-bottom-right:0px;--awb-border-radius-bottom-left:0px;--awb-padding-top:50px;--awb-margin-bottom:30px;--awb-flex-wrap:wrap;\" ><div class=\"fusion-builder-row fusion-row\"><div class=\"fusion-layout-column fusion_builder_column fusion-builder-column-0 fusion_builder_column_1_1 1_1 fusion-one-full fusion-column-first fusion-column-last\" style=\"--awb-bg-color:#ffffff;--awb-bg-color-hover:#ffffff;--awb-bg-size:cover;\"><div class=\"fusion-column-wrapper fusion-flex-column-wrapper-legacy\"><div class=\"fusion-column-content-centered\"><div class=\"fusion-column-content\"><div class=\"fusion-text fusion-text-1\"><h1 data-section-id=\"k198w7\" data-start=\"148\" data-end=\"178\">Politique de confidentialit\u00e9<\/h1>\n<p data-start=\"180\" data-end=\"429\">Chez <strong data-start=\"185\" data-end=\"210\">VITRAGE AUTO SOLUTION<\/strong>, nous faisons de votre exp\u00e9rience une priorit\u00e9.<br data-start=\"258\" data-end=\"261\" \/>En poursuivant votre navigation, vous acceptez la collecte de certaines informations.<br data-start=\"346\" data-end=\"349\" \/>Nous utilisons ces donn\u00e9es pour analyser votre navigation et adapter nos offres.<\/p>\n<p data-start=\"431\" data-end=\"483\">Nous vous invitons \u00e0 lire attentivement ce document.<\/p>\n<p data-start=\"485\" data-end=\"563\">Pour toute question, contactez-nous \u00e0 :<br data-start=\"524\" data-end=\"527\" \/><strong data-start=\"527\" data-end=\"563\"><a class=\"decorated-link cursor-pointer\" rel=\"noopener\" data-start=\"529\" data-end=\"561\">contact@vitrage-auto-solution.fr<\/a><\/strong><\/p>\n<h2 data-section-id=\"1uad9ul\" data-start=\"570\" data-end=\"605\">Pr\u00e9ambule et champ d\u2019application<\/h2>\n<p data-start=\"607\" data-end=\"748\">La <strong data-start=\"610\" data-end=\"630\">SARL KAP GESTION<\/strong> prot\u00e8ge vos donn\u00e9es personnelles avec s\u00e9rieux.<br data-start=\"677\" data-end=\"680\" \/>Nous accordons une grande importance au respect de votre vie priv\u00e9e.<\/p>\n<p data-start=\"750\" data-end=\"905\">Cette politique d\u00e9finit les r\u00e8gles de collecte et de traitement de vos donn\u00e9es personnelles.<br data-start=\"842\" data-end=\"845\" \/>Elle concerne l\u2019utilisation de notre site de vente en ligne.<\/p>\n<p data-start=\"907\" data-end=\"1034\">Nous int\u00e9grons cette politique aux conditions g\u00e9n\u00e9rales du site.<br data-start=\"971\" data-end=\"974\" \/>Nous l\u2019appliquons \u00e0 tous les utilisateurs, sans distinction.<\/p>\n<p data-start=\"1036\" data-end=\"1184\">En revanche, nous ne contr\u00f4lons pas les sites externes li\u00e9s au n\u00f4tre.<br data-start=\"1105\" data-end=\"1108\" \/>Nous vous conseillons de consulter leurs politiques avant toute utilisation.<\/p>\n<h2 data-section-id=\"1b4tvv5\" data-start=\"1191\" data-end=\"1231\">Qu\u2019est-ce qu\u2019une donn\u00e9e personnelle ?<\/h2>\n<p data-start=\"1233\" data-end=\"1309\">Une donn\u00e9e personnelle identifie une personne, directement ou indirectement.<\/p>\n<p data-start=\"1311\" data-end=\"1324\">Par exemple :<\/p>\n<ul data-start=\"1325\" data-end=\"1457\">\n<li data-section-id=\"my8ugi\" data-start=\"1325\" data-end=\"1342\">nom et pr\u00e9nom<\/li>\n<li data-section-id=\"1r3cfh0\" data-start=\"1343\" data-end=\"1372\">adresse e-mail ou postale<\/li>\n<li data-section-id=\"17v6zlb\" data-start=\"1373\" data-end=\"1396\">num\u00e9ro de t\u00e9l\u00e9phone<\/li>\n<li data-section-id=\"1u0bvvq\" data-start=\"1397\" data-end=\"1411\">adresse IP<\/li>\n<li data-section-id=\"1qatj7m\" data-start=\"1412\" data-end=\"1428\">localisation<\/li>\n<li data-section-id=\"tfj23t\" data-start=\"1429\" data-end=\"1457\">plaque d\u2019immatriculation<\/li>\n<\/ul>\n<h2 data-section-id=\"1dczja1\" data-start=\"1464\" data-end=\"1493\">Acceptation et mise \u00e0 jour<\/h2>\n<p data-start=\"1495\" data-end=\"1628\">En cochant la case d\u2019acceptation, vous validez cette politique sans r\u00e9serve.<br data-start=\"1571\" data-end=\"1574\" \/>Si vous refusez, vous devez cesser d\u2019utiliser le site.<\/p>\n<p data-start=\"1630\" data-end=\"1751\">Nous pouvons modifier cette politique \u00e0 tout moment.<br data-start=\"1682\" data-end=\"1685\" \/>Nous informons les utilisateurs en cas de modification importante.<\/p>\n<p data-start=\"1753\" data-end=\"1817\">Vous pouvez consulter cette politique \u00e0 tout moment sur le site.<\/p>\n<h2 data-section-id=\"1ucugdx\" data-start=\"1824\" data-end=\"1852\">Responsable du traitement<\/h2>\n<p data-start=\"1854\" data-end=\"1924\">La <strong data-start=\"1857\" data-end=\"1877\">SARL KAP GESTION<\/strong> assure le traitement des donn\u00e9es personnelles.<\/p>\n<p data-start=\"1926\" data-end=\"1980\">Adresse :<br data-start=\"1935\" data-end=\"1938\" \/><strong data-start=\"1938\" data-end=\"1980\">1 Bis All\u00e9e Saint-Roch \u2013 59400 Cambrai<\/strong><\/p>\n<p data-start=\"1982\" data-end=\"2009\">RCS Douai : <strong data-start=\"1994\" data-end=\"2009\">792 785 750<\/strong><\/p>\n<p data-start=\"2011\" data-end=\"2051\">Responsable : <strong data-start=\"2025\" data-end=\"2051\">Jean-Philippe Kapuscik<\/strong><\/p>\n<p data-start=\"2053\" data-end=\"2169\">Nous respectons la loi fran\u00e7aise et le RGPD.<br data-start=\"2097\" data-end=\"2100\" \/>Nous traitons vos donn\u00e9es de fa\u00e7on loyale, transparente et s\u00e9curis\u00e9e.<\/p>\n<h2 data-section-id=\"1ddcmgg\" data-start=\"2176\" data-end=\"2197\">Donn\u00e9es collect\u00e9es<\/h2>\n<h3 data-section-id=\"1ckehfk\" data-start=\"2199\" data-end=\"2241\">A \u2013 Donn\u00e9es fournies par l\u2019utilisateur<\/h3>\n<p data-start=\"2243\" data-end=\"2307\">Nous collectons vos donn\u00e9es lorsque vous utilisez un formulaire.<\/p>\n<p data-start=\"2309\" data-end=\"2322\">Par exemple :<\/p>\n<ul data-start=\"2323\" data-end=\"2396\">\n<li data-section-id=\"lj43x5\" data-start=\"2323\" data-end=\"2348\">formulaire de contact<\/li>\n<li data-section-id=\"b9srom\" data-start=\"2349\" data-end=\"2369\">demande de devis<\/li>\n<li data-section-id=\"wgvaqh\" data-start=\"2370\" data-end=\"2396\">inscription newsletter<\/li>\n<\/ul>\n<p data-start=\"2398\" data-end=\"2422\">Nous pouvons collecter :<\/p>\n<ul data-start=\"2423\" data-end=\"2477\">\n<li data-section-id=\"my8ugi\" data-start=\"2423\" data-end=\"2440\">nom et pr\u00e9nom<\/li>\n<li data-section-id=\"1gzfvyh\" data-start=\"2441\" data-end=\"2451\">e-mail<\/li>\n<li data-section-id=\"e3lmrw\" data-start=\"2452\" data-end=\"2465\">t\u00e9l\u00e9phone<\/li>\n<li data-section-id=\"1fyvujj\" data-start=\"2466\" data-end=\"2477\">adresse<\/li>\n<\/ul>\n<p data-start=\"2479\" data-end=\"2548\">Certaines donn\u00e9es restent obligatoires pour r\u00e9pondre \u00e0 votre demande.<\/p>\n<h3 data-section-id=\"uoi9pc\" data-start=\"2555\" data-end=\"2570\">B \u2013 Cookies<\/h3>\n<p data-start=\"2572\" data-end=\"2627\">Un cookie est un fichier enregistr\u00e9 sur votre appareil.<\/p>\n<p data-start=\"2629\" data-end=\"2679\">Il permet d\u2019analyser votre navigation sur le site.<\/p>\n<p data-start=\"2681\" data-end=\"2714\">Nous utilisons les cookies pour :<\/p>\n<ul data-start=\"2715\" data-end=\"2768\">\n<li data-section-id=\"1kc9vpm\" data-start=\"2715\" data-end=\"2745\">am\u00e9liorer votre exp\u00e9rience<\/li>\n<li data-section-id=\"1fpzt42\" data-start=\"2746\" data-end=\"2768\">mesurer l\u2019audience<\/li>\n<\/ul>\n<p data-start=\"2770\" data-end=\"2877\">Nous affichons un bandeau lors de votre arriv\u00e9e sur le site.<br data-start=\"2830\" data-end=\"2833\" \/>Vous pouvez accepter ou refuser les cookies.<\/p>\n<p data-start=\"2879\" data-end=\"2935\">Vous pouvez aussi modifier vos param\u00e8tres \u00e0 tout moment.<\/p>\n<p data-start=\"2937\" data-end=\"3002\">En cas de refus, certaines fonctionnalit\u00e9s peuvent \u00eatre limit\u00e9es.<\/p>\n<p data-start=\"3004\" data-end=\"3108\">Des cookies tiers peuvent \u00e9galement \u00eatre utilis\u00e9s (ex : Facebook).<br data-start=\"3070\" data-end=\"3073\" \/>Nous ne contr\u00f4lons pas ces cookies.<\/p>\n<h2 data-section-id=\"yt0bog\" data-start=\"3115\" data-end=\"3141\">Utilisation des donn\u00e9es<\/h2>\n<h3 data-section-id=\"hgtw7h\" data-start=\"3143\" data-end=\"3156\">Finalit\u00e9s<\/h3>\n<p data-start=\"3158\" data-end=\"3191\">Nous utilisons vos donn\u00e9es pour :<\/p>\n<ul data-start=\"3193\" data-end=\"3329\">\n<li data-section-id=\"ufb60o\" data-start=\"3193\" data-end=\"3215\">g\u00e9rer vos demandes<\/li>\n<li data-section-id=\"wl5azq\" data-start=\"3216\" data-end=\"3244\">r\u00e9pondre \u00e0 vos questions<\/li>\n<li data-section-id=\"1v08qfy\" data-start=\"3245\" data-end=\"3271\">am\u00e9liorer nos services<\/li>\n<li data-section-id=\"ps3vnd\" data-start=\"3272\" data-end=\"3300\">envoyer des informations<\/li>\n<li data-section-id=\"10tp0hg\" data-start=\"3301\" data-end=\"3329\">\u00e9tablir des statistiques<\/li>\n<\/ul>\n<p data-start=\"3331\" data-end=\"3388\">Nous demandons votre accord pour toute autre utilisation.<\/p>\n<h3 data-section-id=\"yb89yx\" data-start=\"3395\" data-end=\"3410\">Base l\u00e9gale<\/h3>\n<p data-start=\"3412\" data-end=\"3464\">Nous utilisons vos donn\u00e9es sur les bases suivantes :<\/p>\n<ul data-start=\"3466\" data-end=\"3570\">\n<li data-section-id=\"1i51maz\" data-start=\"3466\" data-end=\"3488\">votre consentement<\/li>\n<li data-section-id=\"12elz10\" data-start=\"3489\" data-end=\"3517\">l\u2019ex\u00e9cution d\u2019un contrat<\/li>\n<li data-section-id=\"w9vrm6\" data-start=\"3518\" data-end=\"3543\">une obligation l\u00e9gale<\/li>\n<li data-section-id=\"h6boma\" data-start=\"3544\" data-end=\"3570\">notre int\u00e9r\u00eat l\u00e9gitime<\/li>\n<\/ul>\n<p data-start=\"3572\" data-end=\"3625\">Vous pouvez retirer votre consentement \u00e0 tout moment.<\/p>\n<h2 data-section-id=\"1ozehvq\" data-start=\"3632\" data-end=\"3656\">Dur\u00e9e de conservation<\/h2>\n<p data-start=\"3658\" data-end=\"3717\">Nous conservons vos donn\u00e9es uniquement le temps n\u00e9cessaire.<\/p>\n<p data-start=\"3719\" data-end=\"3771\">Ensuite, nous supprimons ou anonymisons les donn\u00e9es.<\/p>\n<p data-start=\"3773\" data-end=\"3836\">Nous pouvons conserver certaines donn\u00e9es pour respecter la loi.<\/p>\n<h2 data-section-id=\"1kikupj\" data-start=\"3843\" data-end=\"3865\">Partage des donn\u00e9es<\/h2>\n<h3 data-section-id=\"qkp8y8\" data-start=\"3867\" data-end=\"3899\">A \u2013 Aucun partage commercial<\/h3>\n<p data-start=\"3901\" data-end=\"3949\">Nous ne vendons jamais vos donn\u00e9es personnelles.<\/p>\n<h3 data-section-id=\"rtpbfy\" data-start=\"3956\" data-end=\"3976\">B \u2013 Prestataires<\/h3>\n<p data-start=\"3978\" data-end=\"4045\">Nous pouvons transmettre vos donn\u00e9es \u00e0 des prestataires techniques.<\/p>\n<p data-start=\"4047\" data-end=\"4114\">Nous s\u00e9lectionnons uniquement des partenaires fiables et s\u00e9curis\u00e9s.<\/p>\n<h3 data-section-id=\"1qmq61a\" data-start=\"4121\" data-end=\"4148\">C \u2013 Obligations l\u00e9gales<\/h3>\n<p data-start=\"4150\" data-end=\"4206\">Nous pouvons transmettre vos donn\u00e9es si la loi l\u2019impose.<\/p>\n<p data-start=\"4208\" data-end=\"4265\">Nous pouvons aussi les utiliser pour prot\u00e9ger nos droits.<\/p>\n<h3 data-section-id=\"hylx2w\" data-start=\"4272\" data-end=\"4297\">D \u2013 Transfert hors UE<\/h3>\n<p data-start=\"4299\" data-end=\"4362\">Nous ne transf\u00e9rons pas vos donn\u00e9es hors de l\u2019Union europ\u00e9enne.<\/p>\n<h2 data-section-id=\"5bbm09\" data-start=\"4369\" data-end=\"4392\">S\u00e9curit\u00e9 des donn\u00e9es<\/h2>\n<p data-start=\"4394\" data-end=\"4448\">Nous prot\u00e9geons vos donn\u00e9es avec des mesures adapt\u00e9es.<\/p>\n<p data-start=\"4450\" data-end=\"4466\">Nous utilisons :<\/p>\n<ul data-start=\"4467\" data-end=\"4524\">\n<li data-section-id=\"1ioc52n\" data-start=\"4467\" data-end=\"4482\">chiffrement<\/li>\n<li data-section-id=\"13sz2k6\" data-start=\"4483\" data-end=\"4503\">contr\u00f4le d\u2019acc\u00e8s<\/li>\n<li data-section-id=\"14j6326\" data-start=\"4504\" data-end=\"4524\">audits r\u00e9guliers<\/li>\n<\/ul>\n<p data-start=\"4526\" data-end=\"4579\">Malgr\u00e9 cela, aucun syst\u00e8me n\u2019est totalement s\u00e9curis\u00e9.<\/p>\n<h2 data-section-id=\"1w79714\" data-start=\"4586\" data-end=\"4599\">Vos droits<\/h2>\n<p data-start=\"4601\" data-end=\"4636\">Vous disposez des droits suivants :<\/p>\n<ul data-start=\"4638\" data-end=\"4727\">\n<li data-section-id=\"nd3pv6\" data-start=\"4638\" data-end=\"4647\">acc\u00e8s<\/li>\n<li data-section-id=\"16wyz8w\" data-start=\"4648\" data-end=\"4665\">rectification<\/li>\n<li data-section-id=\"rf3cb5\" data-start=\"4666\" data-end=\"4681\">suppression<\/li>\n<li data-section-id=\"kn9nvk\" data-start=\"4682\" data-end=\"4696\">limitation<\/li>\n<li data-section-id=\"1n5xa32\" data-start=\"4697\" data-end=\"4711\">opposition<\/li>\n<li data-section-id=\"1lj763n\" data-start=\"4712\" data-end=\"4727\">portabilit\u00e9<\/li>\n<\/ul>\n<p data-start=\"4729\" data-end=\"4780\">Vous pouvez modifier vos pr\u00e9f\u00e9rences \u00e0 tout moment.<\/p>\n<p data-start=\"4782\" data-end=\"4807\">Pour exercer vos droits :<\/p>\n<p data-start=\"4809\" data-end=\"4889\">\ud83d\udc49 Email : <strong data-start=\"4820\" data-end=\"4856\"><a class=\"decorated-link cursor-pointer\" rel=\"noopener\" data-start=\"4822\" data-end=\"4854\">contact@vitrage-auto-solution.fr<\/a><\/strong><br data-start=\"4856\" data-end=\"4859\" \/>\ud83d\udc49 Courrier : adresse du si\u00e8ge<\/p>\n<p data-start=\"4891\" data-end=\"4938\">Nous r\u00e9pondons sous un d\u00e9lai maximum d\u2019un mois.<\/p>\n<p data-start=\"4940\" data-end=\"4989\">Nous pouvons demander un justificatif d\u2019identit\u00e9.<\/p>\n<p data-start=\"4991\" data-end=\"5044\">Vous pouvez aussi contacter la CNIL en cas de litige.<\/p>\n<\/div><\/div><\/div><div class=\"fusion-clearfix\"><\/div><\/div><\/div><\/div><\/div><div class=\"fusion-fullwidth fullwidth-box fusion-builder-row-2 has-pattern-background has-mask-background hundred-percent-fullwidth non-hundred-percent-height-scrolling\" style=\"--link_color: #afafaf;--awb-border-radius-top-left:0px;--awb-border-radius-top-right:0px;--awb-border-radius-bottom-right:0px;--awb-border-radius-bottom-left:0px;--awb-padding-top:50px;--awb-padding-bottom:50px;--awb-background-color:#e8e8e8;--awb-flex-wrap:wrap;\" ><div class=\"fusion-builder-row fusion-row\"><div class=\"fusion-layout-column fusion_builder_column fusion-builder-column-1 fusion_builder_column_1_1 1_1 fusion-one-full fusion-column-first fusion-column-last\" style=\"--awb-bg-size:cover;\"><div class=\"fusion-column-wrapper fusion-flex-column-wrapper-legacy\"><div class=\"fusion-text fusion-text-2\"><div class=\"fusion-column content-box-column content-box-column content-box-column-1 col-lg-12 col-md-12 col-sm-12 fusion-content-box-hover content-box-column-last\">\n<div class=\"col content-wrapper-background link-area-link-icon icon-hover-animation-pulsate fusion-animated\" data-animationtype=\"rubberBand\" data-animationduration=\"0.1\" data-animationoffset=\"100%\">\n<div class=\"heading icon-left\">\n<p class=\"content-box-heading\" style=\"text-align: center;\" data-inline-fontsize=\"true\" data-inline-lineheight=\"true\" data-fontsize=\"30\" data-lineheight=\"35\"><span style=\"font-size: 32px;\"><strong>Vous souhaitez obtenir des informations l\u00e9gales suppl\u00e9mentaires<\/strong><\/span><br \/><span style=\"font-size: 24px;\">Contactez-nous via notre <a href=\"https:\/\/vitrage-auto-solution.fr\/fr\/contact\/\"><strong>page contact<\/strong><\/a><br \/><\/span><\/p>\n<\/div>\n<\/div>\n<\/div>\n<\/div><div class=\"fusion-clearfix\"><\/div><\/div><\/div><\/div><\/div><\/p>\t\t\t\t\t\t\t\t<\/div>\n\t\t\t\t\t<\/div>\n\t\t\t\t<\/div>\n\t\t\t\t<\/div>","protected":false},"excerpt":{"rendered":"","protected":false},"author":1,"featured_media":0,"parent":0,"menu_order":0,"comment_status":"closed","ping_status":"closed","template":"100-width.php","meta":{"footnotes":""},"class_list":["post-9626","page","type-page","status-publish","hentry"],"yoast_head":"<!-- This site is optimized with the Yoast SEO plugin v27.3 - https:\/\/yoast.com\/product\/yoast-seo-wordpress\/ -->\n<title>Donn\u00e9es personnelles - Vitrage Auto Solution - RGPD<\/title>\n<meta name=\"description\" content=\"RGPD de Vitrage Auto Solution : informations sur la collecte, l\u2019utilisation et la protection des donn\u00e9es personnelles.\" \/>\n<meta name=\"robots\" content=\"noindex, nofollow\" \/>\n<meta property=\"og:locale\" content=\"fr_FR\" \/>\n<meta property=\"og:type\" content=\"article\" \/>\n<meta property=\"og:title\" content=\"Donn\u00e9es personnelles - Vitrage Auto Solution - RGPD\" \/>\n<meta property=\"og:description\" content=\"RGPD de Vitrage Auto Solution : informations sur la collecte, l\u2019utilisation et la protection des donn\u00e9es personnelles.\" \/>\n<meta property=\"og:url\" content=\"https:\/\/vitrage-auto-solution.fr\/fr\/rgpd-donnees-personnelles\/\" \/>\n<meta property=\"og:site_name\" content=\"Vitrage Auto Solution\" \/>\n<meta property=\"article:publisher\" content=\"https:\/\/www.facebook.com\/people\/Vitrage-Auto-Solution\/61576118920235\/?mibextid=wwXIfr&amp;rdid=VU2CFNOyf7noToma&amp;share_url=httpswww.facebook.comshare19PjtX2ozMmibextidwwXIfr\" \/>\n<meta property=\"article:modified_time\" content=\"2026-04-08T14:08:50+00:00\" \/>\n<meta name=\"twitter:card\" content=\"summary_large_image\" \/>\n<meta name=\"twitter:label1\" content=\"Dur\u00e9e de lecture est.\" \/>\n\t<meta name=\"twitter:data1\" content=\"4 minutes\" \/>\n<script type=\"application\/ld+json\" class=\"yoast-schema-graph\">{\"@context\":\"https:\\\/\\\/schema.org\",\"@graph\":[{\"@type\":\"WebPage\",\"@id\":\"https:\\\/\\\/vitrage-auto-solution.fr\\\/rgpd-donnees-personnelles\\\/\",\"url\":\"https:\\\/\\\/vitrage-auto-solution.fr\\\/rgpd-donnees-personnelles\\\/\",\"name\":\"Donn\u00e9es personnelles - Vitrage Auto Solution - RGPD\",\"isPartOf\":{\"@id\":\"https:\\\/\\\/vitrage-auto-solution.fr\\\/#website\"},\"datePublished\":\"2025-06-19T13:36:15+00:00\",\"dateModified\":\"2026-04-08T14:08:50+00:00\",\"description\":\"RGPD de Vitrage Auto Solution : informations sur la collecte, l\u2019utilisation et la protection des donn\u00e9es personnelles.\",\"breadcrumb\":{\"@id\":\"https:\\\/\\\/vitrage-auto-solution.fr\\\/rgpd-donnees-personnelles\\\/#breadcrumb\"},\"inLanguage\":\"fr-BE\",\"potentialAction\":[{\"@type\":\"ReadAction\",\"target\":[\"https:\\\/\\\/vitrage-auto-solution.fr\\\/rgpd-donnees-personnelles\\\/\"]}]},{\"@type\":\"BreadcrumbList\",\"@id\":\"https:\\\/\\\/vitrage-auto-solution.fr\\\/rgpd-donnees-personnelles\\\/#breadcrumb\",\"itemListElement\":[{\"@type\":\"ListItem\",\"position\":1,\"name\":\"Accueil\",\"item\":\"https:\\\/\\\/vitrage-auto-solution.fr\\\/\"},{\"@type\":\"ListItem\",\"position\":2,\"name\":\"RGPD\"}]},{\"@type\":\"WebSite\",\"@id\":\"https:\\\/\\\/vitrage-auto-solution.fr\\\/#website\",\"url\":\"https:\\\/\\\/vitrage-auto-solution.fr\\\/\",\"name\":\"Vitrage Auto Solution : Experts du vitrage automobile depuis 2015\",\"description\":\"Vous cherchez ? Nous avons\",\"publisher\":{\"@id\":\"https:\\\/\\\/vitrage-auto-solution.fr\\\/#organization\"},\"potentialAction\":[{\"@type\":\"SearchAction\",\"target\":{\"@type\":\"EntryPoint\",\"urlTemplate\":\"https:\\\/\\\/vitrage-auto-solution.fr\\\/?s={search_term_string}\"},\"query-input\":{\"@type\":\"PropertyValueSpecification\",\"valueRequired\":true,\"valueName\":\"search_term_string\"}}],\"inLanguage\":\"fr-BE\"},{\"@type\":\"Organization\",\"@id\":\"https:\\\/\\\/vitrage-auto-solution.fr\\\/#organization\",\"name\":\"Vitrage Auto Solution, c\u2019est plus de 50\u202f000 pare-brises, vitres lat\u00e9rales, toits panoramiques, r\u00e9troviseurs, lunette arri\u00e8re pour tous v\u00e9hicules\",\"url\":\"https:\\\/\\\/vitrage-auto-solution.fr\\\/\",\"logo\":{\"@type\":\"ImageObject\",\"inLanguage\":\"fr-BE\",\"@id\":\"https:\\\/\\\/vitrage-auto-solution.fr\\\/#\\\/schema\\\/logo\\\/image\\\/\",\"url\":\"https:\\\/\\\/vitrage-auto-solution.fr\\\/wp-content\\\/uploads\\\/2025\\\/06\\\/logo-vitrage-auto-solution-1.png\",\"contentUrl\":\"https:\\\/\\\/vitrage-auto-solution.fr\\\/wp-content\\\/uploads\\\/2025\\\/06\\\/logo-vitrage-auto-solution-1.png\",\"width\":202,\"height\":113,\"caption\":\"Vitrage Auto Solution, c\u2019est plus de 50\u202f000 pare-brises, vitres lat\u00e9rales, toits panoramiques, r\u00e9troviseurs, lunette arri\u00e8re pour tous v\u00e9hicules\"},\"image\":{\"@id\":\"https:\\\/\\\/vitrage-auto-solution.fr\\\/#\\\/schema\\\/logo\\\/image\\\/\"},\"sameAs\":[\"https:\\\/\\\/www.facebook.com\\\/people\\\/Vitrage-Auto-Solution\\\/61576118920235\\\/?mibextid=wwXIfr&rdid=VU2CFNOyf7noToma&share_url=httpswww.facebook.comshare19PjtX2ozMmibextidwwXIfr\"]}]}<\/script>\n<!-- \/ Yoast SEO plugin. -->","yoast_head_json":{"title":"Donn\u00e9es personnelles - Vitrage Auto Solution - RGPD","description":"RGPD de Vitrage Auto Solution : informations sur la collecte, l\u2019utilisation et la protection des donn\u00e9es personnelles.","robots":{"index":"noindex","follow":"nofollow"},"og_locale":"fr_FR","og_type":"article","og_title":"Donn\u00e9es personnelles - Vitrage Auto Solution - RGPD","og_description":"RGPD de Vitrage Auto Solution : informations sur la collecte, l\u2019utilisation et la protection des donn\u00e9es personnelles.","og_url":"https:\/\/vitrage-auto-solution.fr\/fr\/rgpd-donnees-personnelles\/","og_site_name":"Vitrage Auto Solution","article_publisher":"https:\/\/www.facebook.com\/people\/Vitrage-Auto-Solution\/61576118920235\/?mibextid=wwXIfr&rdid=VU2CFNOyf7noToma&share_url=httpswww.facebook.comshare19PjtX2ozMmibextidwwXIfr","article_modified_time":"2026-04-08T14:08:50+00:00","twitter_card":"summary_large_image","twitter_misc":{"Dur\u00e9e de lecture est.":"4 minutes"},"schema":{"@context":"https:\/\/schema.org","@graph":[{"@type":"WebPage","@id":"https:\/\/vitrage-auto-solution.fr\/rgpd-donnees-personnelles\/","url":"https:\/\/vitrage-auto-solution.fr\/rgpd-donnees-personnelles\/","name":"Donn\u00e9es personnelles - Vitrage Auto Solution - RGPD","isPartOf":{"@id":"https:\/\/vitrage-auto-solution.fr\/#website"},"datePublished":"2025-06-19T13:36:15+00:00","dateModified":"2026-04-08T14:08:50+00:00","description":"RGPD de Vitrage Auto Solution : informations sur la collecte, l\u2019utilisation et la protection des donn\u00e9es personnelles.","breadcrumb":{"@id":"https:\/\/vitrage-auto-solution.fr\/rgpd-donnees-personnelles\/#breadcrumb"},"inLanguage":"fr-BE","potentialAction":[{"@type":"ReadAction","target":["https:\/\/vitrage-auto-solution.fr\/rgpd-donnees-personnelles\/"]}]},{"@type":"BreadcrumbList","@id":"https:\/\/vitrage-auto-solution.fr\/rgpd-donnees-personnelles\/#breadcrumb","itemListElement":[{"@type":"ListItem","position":1,"name":"Accueil","item":"https:\/\/vitrage-auto-solution.fr\/"},{"@type":"ListItem","position":2,"name":"RGPD"}]},{"@type":"WebSite","@id":"https:\/\/vitrage-auto-solution.fr\/#website","url":"https:\/\/vitrage-auto-solution.fr\/","name":"Vitrage Auto Solution : Experts du vitrage automobile depuis 2015","description":"Vous cherchez ? Nous avons","publisher":{"@id":"https:\/\/vitrage-auto-solution.fr\/#organization"},"potentialAction":[{"@type":"SearchAction","target":{"@type":"EntryPoint","urlTemplate":"https:\/\/vitrage-auto-solution.fr\/?s={search_term_string}"},"query-input":{"@type":"PropertyValueSpecification","valueRequired":true,"valueName":"search_term_string"}}],"inLanguage":"fr-BE"},{"@type":"Organization","@id":"https:\/\/vitrage-auto-solution.fr\/#organization","name":"Vitrage Auto Solution, c\u2019est plus de 50\u202f000 pare-brises, vitres lat\u00e9rales, toits panoramiques, r\u00e9troviseurs, lunette arri\u00e8re pour tous v\u00e9hicules","url":"https:\/\/vitrage-auto-solution.fr\/","logo":{"@type":"ImageObject","inLanguage":"fr-BE","@id":"https:\/\/vitrage-auto-solution.fr\/#\/schema\/logo\/image\/","url":"https:\/\/vitrage-auto-solution.fr\/wp-content\/uploads\/2025\/06\/logo-vitrage-auto-solution-1.png","contentUrl":"https:\/\/vitrage-auto-solution.fr\/wp-content\/uploads\/2025\/06\/logo-vitrage-auto-solution-1.png","width":202,"height":113,"caption":"Vitrage Auto Solution, c\u2019est plus de 50\u202f000 pare-brises, vitres lat\u00e9rales, toits panoramiques, r\u00e9troviseurs, lunette arri\u00e8re pour tous v\u00e9hicules"},"image":{"@id":"https:\/\/vitrage-auto-solution.fr\/#\/schema\/logo\/image\/"},"sameAs":["https:\/\/www.facebook.com\/people\/Vitrage-Auto-Solution\/61576118920235\/?mibextid=wwXIfr&rdid=VU2CFNOyf7noToma&share_url=httpswww.facebook.comshare19PjtX2ozMmibextidwwXIfr"]}]}},"_links":{"self":[{"href":"https:\/\/vitrage-auto-solution.fr\/fr\/wp-json\/wp\/v2\/pages\/9626","targetHints":{"allow":["GET"]}}],"collection":[{"href":"https:\/\/vitrage-auto-solution.fr\/fr\/wp-json\/wp\/v2\/pages"}],"about":[{"href":"https:\/\/vitrage-auto-solution.fr\/fr\/wp-json\/wp\/v2\/types\/page"}],"author":[{"embeddable":true,"href":"https:\/\/vitrage-auto-solution.fr\/fr\/wp-json\/wp\/v2\/users\/1"}],"replies":[{"embeddable":true,"href":"https:\/\/vitrage-auto-solution.fr\/fr\/wp-json\/wp\/v2\/comments?post=9626"}],"version-history":[{"count":9,"href":"https:\/\/vitrage-auto-solution.fr\/fr\/wp-json\/wp\/v2\/pages\/9626\/revisions"}],"predecessor-version":[{"id":10060,"href":"https:\/\/vitrage-auto-solution.fr\/fr\/wp-json\/wp\/v2\/pages\/9626\/revisions\/10060"}],"wp:attachment":[{"href":"https:\/\/vitrage-auto-solution.fr\/fr\/wp-json\/wp\/v2\/media?parent=9626"}],"curies":[{"name":"wp","href":"https:\/\/api.w.org\/{rel}","templated":true}]}}