{"id":5909,"date":"2020-03-03T15:42:10","date_gmt":"2020-03-03T14:42:10","guid":{"rendered":"https:\/\/vitrage-auto-solution.fr\/?page_id=5909"},"modified":"2026-04-08T17:21:08","modified_gmt":"2026-04-08T15:21:08","slug":"politique-de-confidentialite","status":"publish","type":"page","link":"https:\/\/vitrage-auto-solution.fr\/fr\/politique-de-confidentialite\/","title":{"rendered":"Politique de confidentialit\u00e9"},"content":{"rendered":"<div data-elementor-type=\"wp-page\" data-elementor-id=\"5909\" class=\"elementor elementor-5909\">\n\t\t\t\t<div class=\"elementor-element elementor-element-7d23dbac e-flex e-con-boxed e-con e-parent\" data-id=\"7d23dbac\" data-element_type=\"container\" data-e-type=\"container\">\n\t\t\t\t\t<div class=\"e-con-inner\">\n\t\t\t\t<div class=\"elementor-element elementor-element-722be41a elementor-widget elementor-widget-text-editor\" data-id=\"722be41a\" data-element_type=\"widget\" data-e-type=\"widget\" data-widget_type=\"text-editor.default\">\n\t\t\t\t\t\t\t\t\t<p><div class=\"fusion-fullwidth fullwidth-box fusion-builder-row-1 has-pattern-background has-mask-background nonhundred-percent-fullwidth non-hundred-percent-height-scrolling\" style=\"--link_color: #969696;--awb-border-sizes-top:0px;--awb-border-sizes-bottom:0px;--awb-border-sizes-left:0px;--awb-border-sizes-right:0px;--awb-border-radius-top-left:0px;--awb-border-radius-top-right:0px;--awb-border-radius-bottom-right:0px;--awb-border-radius-bottom-left:0px;--awb-padding-top:50px;--awb-margin-bottom:30px;--awb-flex-wrap:wrap;\" ><div class=\"fusion-builder-row fusion-row\"><div class=\"fusion-layout-column fusion_builder_column fusion-builder-column-0 fusion_builder_column_1_1 1_1 fusion-one-full fusion-column-first fusion-column-last\" style=\"--awb-bg-color:#ffffff;--awb-bg-color-hover:#ffffff;--awb-bg-size:cover;\"><div class=\"fusion-column-wrapper fusion-flex-column-wrapper-legacy\"><div class=\"fusion-column-content-centered\"><div class=\"fusion-column-content\"><div class=\"fusion-text fusion-text-1\"><h1 data-section-id=\"k198w7\" data-start=\"109\" data-end=\"139\" style=\"color: rgb(0, 0, 0); font-style: normal; letter-spacing: normal; text-transform: none;\">Politique de confidentialit\u00e9<\/h1>\n<p data-start=\"141\" data-end=\"435\" style=\"color: rgb(0, 0, 0); font-size: medium;\">Nous avons construit la pr\u00e9sente politique de confidentialit\u00e9 conform\u00e9ment au R\u00e8glement (UE) 2016\/679 relatif \u00e0 la protection des donn\u00e9es (RGPD) ainsi qu\u2019\u00e0 votre consentement \u00e9clair\u00e9.<br data-start=\"324\" data-end=\"327\">Nous vous expliquons ici comment nous collectons, utilisons et prot\u00e9geons vos donn\u00e9es \u00e0 caract\u00e8re personnel.<\/p>\n<p data-start=\"437\" data-end=\"769\" style=\"color: rgb(0, 0, 0); font-size: medium;\">Cette politique s\u2019applique uniquement aux informations que nous recueillons sur ce site.<br data-start=\"525\" data-end=\"528\">Cependant, le site peut contenir des liens vers des sites externes. Dans ce cas, nous ne contr\u00f4lons pas leurs pratiques. Nous vous recommandons donc de consulter leur propre politique de confidentialit\u00e9 avant de leur transmettre vos donn\u00e9es.<\/p>\n<p data-start=\"771\" data-end=\"992\" style=\"color: rgb(0, 0, 0); font-size: medium;\">Nous pouvons modifier cette politique \u00e0 tout moment. Ces modifications prennent effet imm\u00e9diatement apr\u00e8s leur publication.<br data-start=\"894\" data-end=\"897\">Ainsi, chaque nouvelle utilisation du site implique votre acceptation de la version en vigueur.<\/p>\n<p data-start=\"994\" data-end=\"1058\" style=\"color: rgb(0, 0, 0); font-size: medium;\">Nous vous invitons donc \u00e0 consulter cette page r\u00e9guli\u00e8rement.<\/p>\n<h2 data-section-id=\"29scjt\" data-start=\"1065\" data-end=\"1106\" style=\"color: rgb(0, 0, 0); font-style: normal; letter-spacing: normal; text-transform: none;\">Quels renseignements collectons-nous ?<\/h2>\n<p data-start=\"1108\" data-end=\"1293\" style=\"color: rgb(0, 0, 0); font-size: medium;\">Lorsque vous naviguez sur le site, vous restez anonyme.<br data-start=\"1163\" data-end=\"1166\">Nous analysons certaines donn\u00e9es de navigation afin de comprendre votre comportement et am\u00e9liorer votre exp\u00e9rience utilisateur.<\/p>\n<p data-start=\"1295\" data-end=\"1434\" style=\"color: rgb(0, 0, 0); font-size: medium;\">Par ailleurs, nous collectons des donn\u00e9es personnelles uniquement si vous choisissez de nous les transmettre.<br data-start=\"1404\" data-end=\"1407\">Par exemple, lorsque vous :<\/p>\n<ul data-start=\"1435\" data-end=\"1564\" style=\"color: rgb(0, 0, 0); font-size: medium;\">\n<li data-section-id=\"jo8gr6\" data-start=\"1435\" data-end=\"1474\">remplissez un formulaire de contact<\/li>\n<li data-section-id=\"uz3yqu\" data-start=\"1475\" data-end=\"1496\">demandez un devis<\/li>\n<li data-section-id=\"1qtozz1\" data-start=\"1497\" data-end=\"1532\">vous inscrivez \u00e0 une newsletter<\/li>\n<li data-section-id=\"tqg6w3\" data-start=\"1533\" data-end=\"1564\">demandez \u00e0 \u00eatre recontact\u00e9(e)<\/li>\n<\/ul>\n<p data-start=\"1566\" data-end=\"1605\" style=\"color: rgb(0, 0, 0); font-size: medium;\">Dans ce cadre, nous pouvons collecter :<\/p>\n<ul data-start=\"1606\" data-end=\"1710\" style=\"color: rgb(0, 0, 0); font-size: medium;\">\n<li data-section-id=\"kxzl8o\" data-start=\"1606\" data-end=\"1629\">votre nom et pr\u00e9nom<\/li>\n<li data-section-id=\"hkf8ec\" data-start=\"1630\" data-end=\"1654\">votre adresse e-mail<\/li>\n<li data-section-id=\"u4ztn9\" data-start=\"1655\" data-end=\"1684\">votre num\u00e9ro de t\u00e9l\u00e9phone<\/li>\n<li data-section-id=\"qxzcwl\" data-start=\"1685\" data-end=\"1710\">votre adresse postale<\/li>\n<\/ul>\n<p data-start=\"1712\" data-end=\"1809\" style=\"color: rgb(0, 0, 0); font-size: medium;\">Nous collectons uniquement les donn\u00e9es strictement n\u00e9cessaires au traitement de votre demande.<\/p>\n<h2 data-section-id=\"16e4vso\" data-start=\"1816\" data-end=\"1857\" style=\"color: rgb(0, 0, 0); font-style: normal; letter-spacing: normal; text-transform: none;\">Pourquoi collectons-nous vos donn\u00e9es ?<\/h2>\n<p data-start=\"1859\" data-end=\"1905\" style=\"color: rgb(0, 0, 0); font-size: medium;\">Nous utilisons vos donn\u00e9es personnelles pour :<\/p>\n<ul data-start=\"1907\" data-end=\"2077\" style=\"color: rgb(0, 0, 0); font-size: medium;\">\n<li data-section-id=\"1j0jacr\" data-start=\"1907\" data-end=\"1960\">g\u00e9rer vos demandes (contact, devis, informations)<\/li>\n<li data-section-id=\"acbggj\" data-start=\"1961\" data-end=\"2003\">assurer le suivi de la relation client<\/li>\n<li data-section-id=\"1osafjy\" data-start=\"2004\" data-end=\"2077\">vous envoyer des informations ou communications (newsletter, offres\u2026)<\/li>\n<\/ul>\n<h2 data-section-id=\"8n08nl\" data-start=\"2084\" data-end=\"2123\" style=\"color: rgb(0, 0, 0); font-style: normal; letter-spacing: normal; text-transform: none;\">Comment utilisons-nous vos donn\u00e9es ?<\/h2>\n<p data-start=\"2125\" data-end=\"2247\" style=\"color: rgb(0, 0, 0); font-size: medium;\">Nous traitons vos donn\u00e9es personnelles de mani\u00e8re confidentielle et uniquement pour les finalit\u00e9s que vous avez accept\u00e9es.<\/p>\n<p data-start=\"2249\" data-end=\"2431\" style=\"color: rgb(0, 0, 0); font-size: medium;\">Nous conservons vos donn\u00e9es pendant la dur\u00e9e n\u00e9cessaire au traitement de votre demande, puis pendant le d\u00e9lai l\u00e9gal applicable.<br data-start=\"2376\" data-end=\"2379\">Ensuite, nous supprimons ou anonymisons vos donn\u00e9es.<\/p>\n<p data-start=\"2433\" data-end=\"2662\" style=\"color: rgb(0, 0, 0); font-size: medium;\">Dans certains cas, nous pouvons transmettre vos donn\u00e9es \u00e0 des prestataires (h\u00e9bergement, maintenance informatique\u2026).<br data-start=\"2549\" data-end=\"2552\">Dans ce cas, nous s\u00e9lectionnons uniquement des partenaires fiables et nous s\u00e9curisons les \u00e9changes de donn\u00e9es.<\/p>\n<h2 data-section-id=\"1jmx673\" data-start=\"2669\" data-end=\"2695\" style=\"color: rgb(0, 0, 0); font-style: normal; letter-spacing: normal; text-transform: none;\">Quels sont vos droits ?<\/h2>\n<p data-start=\"2697\" data-end=\"2877\" style=\"color: rgb(0, 0, 0); font-size: medium;\">Vous pouvez choisir de ne pas nous transmettre vos donn\u00e9es personnelles.<br data-start=\"2769\" data-end=\"2772\">Cependant, certaines fonctionnalit\u00e9s du site ne seront alors pas accessibles (formulaire, contact, etc.).<\/p>\n<p data-start=\"2879\" data-end=\"2936\" style=\"color: rgb(0, 0, 0); font-size: medium;\">Conform\u00e9ment au RGPD, vous disposez des droits suivants :<\/p>\n<ul data-start=\"2938\" data-end=\"3124\" style=\"color: rgb(0, 0, 0); font-size: medium;\">\n<li data-section-id=\"18lvkz9\" data-start=\"2938\" data-end=\"2969\">droit d\u2019acc\u00e8s \u00e0 vos donn\u00e9es<\/li>\n<li data-section-id=\"xanhyt\" data-start=\"2970\" data-end=\"2996\">droit de rectification<\/li>\n<li data-section-id=\"mo2y6s\" data-start=\"2997\" data-end=\"3021\">droit de suppression<\/li>\n<li data-section-id=\"1753jp5\" data-start=\"3022\" data-end=\"3059\">droit de limitation du traitement<\/li>\n<li data-section-id=\"wuv2l3\" data-start=\"3060\" data-end=\"3082\">droit d\u2019opposition<\/li>\n<li data-section-id=\"16o2os5\" data-start=\"3083\" data-end=\"3124\">droit \u00e0 la portabilit\u00e9 de vos donn\u00e9es<\/li>\n<\/ul>\n<p data-start=\"3126\" data-end=\"3275\" style=\"color: rgb(0, 0, 0); font-size: medium;\">Pour exercer vos droits, contactez-nous et joignez une copie d\u2019un justificatif d\u2019identit\u00e9 valide (carte d\u2019identit\u00e9, passeport ou permis de conduire)<\/p>\n<h2 data-section-id=\"ldxqei\" data-start=\"3366\" data-end=\"3383\" style=\"color: rgb(0, 0, 0); font-style: normal; letter-spacing: normal; text-transform: none;\">Une question ?<\/h2>\n<p data-start=\"3385\" data-end=\"3578\" style=\"color: rgb(0, 0, 0); font-size: medium;\">Si vous avez une question concernant cette politique de confidentialit\u00e9 ou le traitement de vos donn\u00e9es personnelles, contactez-nous directement. Nous vous r\u00e9pondrons dans les meilleurs d\u00e9lais.<\/p>\n<\/div><\/div><\/div><div class=\"fusion-clearfix\"><\/div><\/div><\/div><\/div><\/div><div class=\"fusion-fullwidth fullwidth-box fusion-builder-row-2 has-pattern-background has-mask-background hundred-percent-fullwidth non-hundred-percent-height-scrolling\" style=\"--link_color: #afafaf;--awb-border-radius-top-left:0px;--awb-border-radius-top-right:0px;--awb-border-radius-bottom-right:0px;--awb-border-radius-bottom-left:0px;--awb-padding-top:50px;--awb-padding-bottom:50px;--awb-background-color:#e8e8e8;--awb-flex-wrap:wrap;\" ><div class=\"fusion-builder-row fusion-row\"><div class=\"fusion-layout-column fusion_builder_column fusion-builder-column-1 fusion_builder_column_1_1 1_1 fusion-one-full fusion-column-first fusion-column-last\" style=\"--awb-bg-size:cover;\"><div class=\"fusion-column-wrapper fusion-flex-column-wrapper-legacy\"><div class=\"fusion-text fusion-text-2\"><div>\n<div data-animationtype=\"rubberBand\" data-animationduration=\"0.1\" data-animationoffset=\"100%\">\n<div>\n<p style=\"text-align: center;\" data-inline-fontsize=\"true\" data-inline-lineheight=\"true\" data-fontsize=\"30\" data-lineheight=\"35\"><span style=\"font-size: 32px;\"><strong>Vous souhaitez obtenir des informations l\u00e9gales suppl\u00e9mentaires<\/strong><\/span><br><span style=\"font-size: 24px;\">Contactez-nous via notre <a href=\"https:\/\/vitrage-auto-solution.fr\/fr\/contact\/\"><strong>page contact<\/strong><\/a><br><\/span><\/p>\n<\/div>\n<\/div>\n<\/div>\n<\/div><div class=\"fusion-clearfix\"><\/div><\/div><\/div><\/div><\/div><\/p>\t\t\t\t\t\t\t\t<\/div>\n\t\t\t\t\t<\/div>\n\t\t\t\t<\/div>\n\t\t\t\t<\/div>","protected":false},"excerpt":{"rendered":"","protected":false},"author":1,"featured_media":0,"parent":0,"menu_order":0,"comment_status":"closed","ping_status":"closed","template":"100-width.php","meta":{"footnotes":""},"class_list":["post-5909","page","type-page","status-publish","hentry"],"yoast_head":"<!-- This site is optimized with the Yoast SEO plugin v27.3 - https:\/\/yoast.com\/product\/yoast-seo-wordpress\/ -->\n<title>Politique de confidentialit\u00e9 - Vitrage Auto Solution<\/title>\n<meta name=\"description\" content=\"Politique de confidentialit\u00e9 Vitrage Auto Solution : informations sur la collecte, l\u2019utilisation ,protection li\u00e9s aux donn\u00e9es personnelles.\" \/>\n<meta name=\"robots\" content=\"noindex, nofollow\" \/>\n<meta property=\"og:locale\" content=\"fr_FR\" \/>\n<meta property=\"og:type\" content=\"article\" \/>\n<meta property=\"og:title\" content=\"Politique de confidentialit\u00e9 - Vitrage Auto Solution\" \/>\n<meta property=\"og:description\" content=\"Politique de confidentialit\u00e9 Vitrage Auto Solution : informations sur la collecte, l\u2019utilisation ,protection li\u00e9s aux donn\u00e9es personnelles.\" \/>\n<meta property=\"og:url\" content=\"https:\/\/vitrage-auto-solution.fr\/fr\/politique-de-confidentialite\/\" \/>\n<meta property=\"og:site_name\" content=\"Vitrage Auto Solution\" \/>\n<meta property=\"article:publisher\" content=\"https:\/\/www.facebook.com\/people\/Vitrage-Auto-Solution\/61576118920235\/?mibextid=wwXIfr&amp;rdid=VU2CFNOyf7noToma&amp;share_url=httpswww.facebook.comshare19PjtX2ozMmibextidwwXIfr\" \/>\n<meta property=\"article:modified_time\" content=\"2026-04-08T15:21:08+00:00\" \/>\n<meta name=\"twitter:card\" content=\"summary_large_image\" \/>\n<meta name=\"twitter:label1\" content=\"Dur\u00e9e de lecture est.\" \/>\n\t<meta name=\"twitter:data1\" content=\"3 minutes\" \/>\n<script type=\"application\/ld+json\" class=\"yoast-schema-graph\">{\"@context\":\"https:\\\/\\\/schema.org\",\"@graph\":[{\"@type\":\"WebPage\",\"@id\":\"https:\\\/\\\/vitrage-auto-solution.fr\\\/politique-de-confidentialite\\\/\",\"url\":\"https:\\\/\\\/vitrage-auto-solution.fr\\\/politique-de-confidentialite\\\/\",\"name\":\"Politique de confidentialit\u00e9 - Vitrage Auto Solution\",\"isPartOf\":{\"@id\":\"https:\\\/\\\/vitrage-auto-solution.fr\\\/#website\"},\"datePublished\":\"2020-03-03T14:42:10+00:00\",\"dateModified\":\"2026-04-08T15:21:08+00:00\",\"description\":\"Politique de confidentialit\u00e9 Vitrage Auto Solution : informations sur la collecte, l\u2019utilisation ,protection li\u00e9s aux donn\u00e9es personnelles.\",\"breadcrumb\":{\"@id\":\"https:\\\/\\\/vitrage-auto-solution.fr\\\/politique-de-confidentialite\\\/#breadcrumb\"},\"inLanguage\":\"fr-BE\",\"potentialAction\":[{\"@type\":\"ReadAction\",\"target\":[\"https:\\\/\\\/vitrage-auto-solution.fr\\\/politique-de-confidentialite\\\/\"]}]},{\"@type\":\"BreadcrumbList\",\"@id\":\"https:\\\/\\\/vitrage-auto-solution.fr\\\/politique-de-confidentialite\\\/#breadcrumb\",\"itemListElement\":[{\"@type\":\"ListItem\",\"position\":1,\"name\":\"Accueil\",\"item\":\"https:\\\/\\\/vitrage-auto-solution.fr\\\/\"},{\"@type\":\"ListItem\",\"position\":2,\"name\":\"Politique de confidentialit\u00e9\"}]},{\"@type\":\"WebSite\",\"@id\":\"https:\\\/\\\/vitrage-auto-solution.fr\\\/#website\",\"url\":\"https:\\\/\\\/vitrage-auto-solution.fr\\\/\",\"name\":\"Vitrage Auto Solution : Experts du vitrage automobile depuis 2015\",\"description\":\"Vous cherchez ? Nous avons\",\"publisher\":{\"@id\":\"https:\\\/\\\/vitrage-auto-solution.fr\\\/#organization\"},\"potentialAction\":[{\"@type\":\"SearchAction\",\"target\":{\"@type\":\"EntryPoint\",\"urlTemplate\":\"https:\\\/\\\/vitrage-auto-solution.fr\\\/?s={search_term_string}\"},\"query-input\":{\"@type\":\"PropertyValueSpecification\",\"valueRequired\":true,\"valueName\":\"search_term_string\"}}],\"inLanguage\":\"fr-BE\"},{\"@type\":\"Organization\",\"@id\":\"https:\\\/\\\/vitrage-auto-solution.fr\\\/#organization\",\"name\":\"Vitrage Auto Solution, c\u2019est plus de 50\u202f000 pare-brises, vitres lat\u00e9rales, toits panoramiques, r\u00e9troviseurs, lunette arri\u00e8re pour tous v\u00e9hicules\",\"url\":\"https:\\\/\\\/vitrage-auto-solution.fr\\\/\",\"logo\":{\"@type\":\"ImageObject\",\"inLanguage\":\"fr-BE\",\"@id\":\"https:\\\/\\\/vitrage-auto-solution.fr\\\/#\\\/schema\\\/logo\\\/image\\\/\",\"url\":\"https:\\\/\\\/vitrage-auto-solution.fr\\\/wp-content\\\/uploads\\\/2025\\\/06\\\/logo-vitrage-auto-solution-1.png\",\"contentUrl\":\"https:\\\/\\\/vitrage-auto-solution.fr\\\/wp-content\\\/uploads\\\/2025\\\/06\\\/logo-vitrage-auto-solution-1.png\",\"width\":202,\"height\":113,\"caption\":\"Vitrage Auto Solution, c\u2019est plus de 50\u202f000 pare-brises, vitres lat\u00e9rales, toits panoramiques, r\u00e9troviseurs, lunette arri\u00e8re pour tous v\u00e9hicules\"},\"image\":{\"@id\":\"https:\\\/\\\/vitrage-auto-solution.fr\\\/#\\\/schema\\\/logo\\\/image\\\/\"},\"sameAs\":[\"https:\\\/\\\/www.facebook.com\\\/people\\\/Vitrage-Auto-Solution\\\/61576118920235\\\/?mibextid=wwXIfr&rdid=VU2CFNOyf7noToma&share_url=httpswww.facebook.comshare19PjtX2ozMmibextidwwXIfr\"]}]}<\/script>\n<!-- \/ Yoast SEO plugin. -->","yoast_head_json":{"title":"Politique de confidentialit\u00e9 - Vitrage Auto Solution","description":"Politique de confidentialit\u00e9 Vitrage Auto Solution : informations sur la collecte, l\u2019utilisation ,protection li\u00e9s aux donn\u00e9es personnelles.","robots":{"index":"noindex","follow":"nofollow"},"og_locale":"fr_FR","og_type":"article","og_title":"Politique de confidentialit\u00e9 - Vitrage Auto Solution","og_description":"Politique de confidentialit\u00e9 Vitrage Auto Solution : informations sur la collecte, l\u2019utilisation ,protection li\u00e9s aux donn\u00e9es personnelles.","og_url":"https:\/\/vitrage-auto-solution.fr\/fr\/politique-de-confidentialite\/","og_site_name":"Vitrage Auto Solution","article_publisher":"https:\/\/www.facebook.com\/people\/Vitrage-Auto-Solution\/61576118920235\/?mibextid=wwXIfr&rdid=VU2CFNOyf7noToma&share_url=httpswww.facebook.comshare19PjtX2ozMmibextidwwXIfr","article_modified_time":"2026-04-08T15:21:08+00:00","twitter_card":"summary_large_image","twitter_misc":{"Dur\u00e9e de lecture est.":"3 minutes"},"schema":{"@context":"https:\/\/schema.org","@graph":[{"@type":"WebPage","@id":"https:\/\/vitrage-auto-solution.fr\/politique-de-confidentialite\/","url":"https:\/\/vitrage-auto-solution.fr\/politique-de-confidentialite\/","name":"Politique de confidentialit\u00e9 - Vitrage Auto Solution","isPartOf":{"@id":"https:\/\/vitrage-auto-solution.fr\/#website"},"datePublished":"2020-03-03T14:42:10+00:00","dateModified":"2026-04-08T15:21:08+00:00","description":"Politique de confidentialit\u00e9 Vitrage Auto Solution : informations sur la collecte, l\u2019utilisation ,protection li\u00e9s aux donn\u00e9es personnelles.","breadcrumb":{"@id":"https:\/\/vitrage-auto-solution.fr\/politique-de-confidentialite\/#breadcrumb"},"inLanguage":"fr-BE","potentialAction":[{"@type":"ReadAction","target":["https:\/\/vitrage-auto-solution.fr\/politique-de-confidentialite\/"]}]},{"@type":"BreadcrumbList","@id":"https:\/\/vitrage-auto-solution.fr\/politique-de-confidentialite\/#breadcrumb","itemListElement":[{"@type":"ListItem","position":1,"name":"Accueil","item":"https:\/\/vitrage-auto-solution.fr\/"},{"@type":"ListItem","position":2,"name":"Politique de confidentialit\u00e9"}]},{"@type":"WebSite","@id":"https:\/\/vitrage-auto-solution.fr\/#website","url":"https:\/\/vitrage-auto-solution.fr\/","name":"Vitrage Auto Solution : Experts du vitrage automobile depuis 2015","description":"Vous cherchez ? Nous avons","publisher":{"@id":"https:\/\/vitrage-auto-solution.fr\/#organization"},"potentialAction":[{"@type":"SearchAction","target":{"@type":"EntryPoint","urlTemplate":"https:\/\/vitrage-auto-solution.fr\/?s={search_term_string}"},"query-input":{"@type":"PropertyValueSpecification","valueRequired":true,"valueName":"search_term_string"}}],"inLanguage":"fr-BE"},{"@type":"Organization","@id":"https:\/\/vitrage-auto-solution.fr\/#organization","name":"Vitrage Auto Solution, c\u2019est plus de 50\u202f000 pare-brises, vitres lat\u00e9rales, toits panoramiques, r\u00e9troviseurs, lunette arri\u00e8re pour tous v\u00e9hicules","url":"https:\/\/vitrage-auto-solution.fr\/","logo":{"@type":"ImageObject","inLanguage":"fr-BE","@id":"https:\/\/vitrage-auto-solution.fr\/#\/schema\/logo\/image\/","url":"https:\/\/vitrage-auto-solution.fr\/wp-content\/uploads\/2025\/06\/logo-vitrage-auto-solution-1.png","contentUrl":"https:\/\/vitrage-auto-solution.fr\/wp-content\/uploads\/2025\/06\/logo-vitrage-auto-solution-1.png","width":202,"height":113,"caption":"Vitrage Auto Solution, c\u2019est plus de 50\u202f000 pare-brises, vitres lat\u00e9rales, toits panoramiques, r\u00e9troviseurs, lunette arri\u00e8re pour tous v\u00e9hicules"},"image":{"@id":"https:\/\/vitrage-auto-solution.fr\/#\/schema\/logo\/image\/"},"sameAs":["https:\/\/www.facebook.com\/people\/Vitrage-Auto-Solution\/61576118920235\/?mibextid=wwXIfr&rdid=VU2CFNOyf7noToma&share_url=httpswww.facebook.comshare19PjtX2ozMmibextidwwXIfr"]}]}},"_links":{"self":[{"href":"https:\/\/vitrage-auto-solution.fr\/fr\/wp-json\/wp\/v2\/pages\/5909","targetHints":{"allow":["GET"]}}],"collection":[{"href":"https:\/\/vitrage-auto-solution.fr\/fr\/wp-json\/wp\/v2\/pages"}],"about":[{"href":"https:\/\/vitrage-auto-solution.fr\/fr\/wp-json\/wp\/v2\/types\/page"}],"author":[{"embeddable":true,"href":"https:\/\/vitrage-auto-solution.fr\/fr\/wp-json\/wp\/v2\/users\/1"}],"replies":[{"embeddable":true,"href":"https:\/\/vitrage-auto-solution.fr\/fr\/wp-json\/wp\/v2\/comments?post=5909"}],"version-history":[{"count":10,"href":"https:\/\/vitrage-auto-solution.fr\/fr\/wp-json\/wp\/v2\/pages\/5909\/revisions"}],"predecessor-version":[{"id":10081,"href":"https:\/\/vitrage-auto-solution.fr\/fr\/wp-json\/wp\/v2\/pages\/5909\/revisions\/10081"}],"wp:attachment":[{"href":"https:\/\/vitrage-auto-solution.fr\/fr\/wp-json\/wp\/v2\/media?parent=5909"}],"curies":[{"name":"wp","href":"https:\/\/api.w.org\/{rel}","templated":true}]}}